{"id":23,"date":"2022-08-18T20:01:39","date_gmt":"2022-08-18T18:01:39","guid":{"rendered":"https:\/\/www.emploi-seo.fr\/?page_id=23"},"modified":"2026-04-13T07:04:20","modified_gmt":"2026-04-13T05:04:20","slug":"accueil","status":"publish","type":"page","link":"https:\/\/www.emploi-seo.fr\/blog\/accueil\/","title":{"rendered":"Accueil"},"content":{"rendered":"\t\t\t\t\t\t\t\t\t\t\t\t\t\t\t\t\t<div id=\"gspb_filterid_gsbp-0634437\" class=\"gspbgrid_id-gsbp-0634437 gspbgrid_list_builder wp-block-query alignwide gspb_filterid_gsbp-0634437  wp-block-greenshift-blocks-querygrid\" data-filterargs='' data-template=\"querybuilder\" id=\"gspb_filterid_gsbp-0634437\" data-innerargs='' data-perpage='12'  data-paginationtype=\"\">\n\t\t\t\t\t\t\t\t\t\t\n\t\t\t\t\t<ul class=\"wp-block-post-template\" data-currentpage=\"1\" data-maxpage=\"0\" data-paginationid=\"currentpage-gspb_filterid_gsbp-0634437\">\n\t\t\t\t\t\t                            \t\t\t\t\t\t\t\n<li class=\"gspbgrid_item swiper-slide  post-466\">\n                                <div class=\"gspbgrid_item_image_bg gspbgrid_item_image_bg_gsbp-0634437\">\n                <div class=\"gspb_backgroundOverlay\"><\/div>\n                            <\/div>\n                        <div class=\"gspbgrid_item_inner\">\n            \n\n<div class=\"gsbp-6e5edb6\"><div class=\"gspb_id-gsbp-3586a9d gspb_meta wp-block-greenshift-blocks-meta\"><span class=\"gspb_meta_value\"><a class=\"term-3\" href=\"https:\/\/www.emploi-seo.fr\/blog\/category\/agences\/\">Agences<\/a><\/span><\/div>\n\n<div class=\"gspb_id-gsbp-e30cafd gspb-dynamic-post-title wp-block-greenshift-blocks-dynamic-post-title\"><h2 class=\"gspb-dynamic-title-element\"><a href=\"https:\/\/www.emploi-seo.fr\/blog\/agence-seo-bordeaux\/\">Agence SEO Bordeaux : comment booster le r\u00e9f\u00e9rencement naturel et la visibilit\u00e9 en ligne<\/a><\/h2><\/div>\n\n<div class=\"gspb_id-gsbp-54761ed gspb_meta wp-block-greenshift-blocks-meta\"><span class=\"gspb_meta_value\">29 ao\u00fbt 2025<\/span><\/div><\/div>\n\n                <\/div>\n        <\/li>\t\t\t\t\t\t\t\t\t\t\t\t\t                            \t\t\t\t\t\t\t\n<li class=\"gspbgrid_item swiper-slide  post-464\">\n                                <div class=\"gspbgrid_item_image_bg gspbgrid_item_image_bg_gsbp-0634437\">\n                <div class=\"gspb_backgroundOverlay\"><\/div>\n                            <\/div>\n                        <div class=\"gspbgrid_item_inner\">\n            \n\n<div class=\"gsbp-6e5edb6\"><div class=\"gspb_id-gsbp-3586a9d gspb_meta wp-block-greenshift-blocks-meta\"><span class=\"gspb_meta_value\"><a class=\"term-3\" href=\"https:\/\/www.emploi-seo.fr\/blog\/category\/agences\/\">Agences<\/a><\/span><\/div>\n\n<div class=\"gspb_id-gsbp-e30cafd gspb-dynamic-post-title wp-block-greenshift-blocks-dynamic-post-title\"><h2 class=\"gspb-dynamic-title-element\"><a href=\"https:\/\/www.emploi-seo.fr\/blog\/agence-seo-paris\/\">Comment choisir une agence seo \u00e0 Paris pour booster la visibilit\u00e9 sur google<\/a><\/h2><\/div>\n\n<div class=\"gspb_id-gsbp-54761ed gspb_meta wp-block-greenshift-blocks-meta\"><span class=\"gspb_meta_value\">28 ao\u00fbt 2025<\/span><\/div><\/div>\n\n                <\/div>\n        <\/li>\t\t\t\t\t\t\t\t\t\t\t\t\t                            \t\t\t\t\t\t\t\n<li class=\"gspbgrid_item swiper-slide  post-458\">\n                                <div class=\"gspbgrid_item_image_bg gspbgrid_item_image_bg_gsbp-0634437\">\n                <div class=\"gspb_backgroundOverlay\"><\/div>\n                            <\/div>\n                        <div class=\"gspbgrid_item_inner\">\n            \n\n<div class=\"gsbp-6e5edb6\"><div class=\"gspb_id-gsbp-3586a9d gspb_meta wp-block-greenshift-blocks-meta\"><span class=\"gspb_meta_value\"><a class=\"term-3\" href=\"https:\/\/www.emploi-seo.fr\/blog\/category\/agences\/\">Agences<\/a><\/span><\/div>\n\n<div class=\"gspb_id-gsbp-e30cafd gspb-dynamic-post-title wp-block-greenshift-blocks-dynamic-post-title\"><h2 class=\"gspb-dynamic-title-element\"><a href=\"https:\/\/www.emploi-seo.fr\/blog\/agence-seo-lyon\/\">Agence seo \u00e0 Lyon : tout sur l\u2019optimisation de la visibilit\u00e9 en ligne<\/a><\/h2><\/div>\n\n<div class=\"gspb_id-gsbp-54761ed gspb_meta wp-block-greenshift-blocks-meta\"><span class=\"gspb_meta_value\">27 ao\u00fbt 2025<\/span><\/div><\/div>\n\n                <\/div>\n        <\/li>\t\t\t\t\t\t\t\t\t\t\t\t\t                            \t\t\t\t\t\t\t\n<li class=\"gspbgrid_item swiper-slide  post-453\">\n                                <div class=\"gspbgrid_item_image_bg gspbgrid_item_image_bg_gsbp-0634437\">\n                <div class=\"gspb_backgroundOverlay\"><\/div>\n                            <\/div>\n                        <div class=\"gspbgrid_item_inner\">\n            \n\n<div class=\"gsbp-6e5edb6\"><div class=\"gspb_id-gsbp-3586a9d gspb_meta wp-block-greenshift-blocks-meta\"><span class=\"gspb_meta_value\"><a class=\"term-2\" href=\"https:\/\/www.emploi-seo.fr\/blog\/category\/actu\/\">Actualit\u00e9<\/a><\/span><\/div>\n\n<div class=\"gspb_id-gsbp-e30cafd gspb-dynamic-post-title wp-block-greenshift-blocks-dynamic-post-title\"><h2 class=\"gspb-dynamic-title-element\"><a href=\"https:\/\/www.emploi-seo.fr\/blog\/impact-intelligence-artificielle-emploi\/\">L&rsquo;impact de l&rsquo;intelligence artificielle sur le secteur de l&#8217;emploi SEO<\/a><\/h2><\/div>\n\n<div class=\"gspb_id-gsbp-54761ed gspb_meta wp-block-greenshift-blocks-meta\"><span class=\"gspb_meta_value\">9 juin 2025<\/span><\/div><\/div>\n\n                <\/div>\n        <\/li>\t\t\t\t\t\t\t\t\t\t\t\t\t                            \t\t\t\t\t\t\t\n<li class=\"gspbgrid_item swiper-slide  post-450\">\n                                <div class=\"gspbgrid_item_image_bg gspbgrid_item_image_bg_gsbp-0634437\">\n                <div class=\"gspb_backgroundOverlay\"><\/div>\n                            <\/div>\n                        <div class=\"gspbgrid_item_inner\">\n            \n\n<div class=\"gsbp-6e5edb6\"><div class=\"gspb_id-gsbp-3586a9d gspb_meta wp-block-greenshift-blocks-meta\"><span class=\"gspb_meta_value\"><a class=\"term-2\" href=\"https:\/\/www.emploi-seo.fr\/blog\/category\/actu\/\">Actualit\u00e9<\/a><\/span><\/div>\n\n<div class=\"gspb_id-gsbp-e30cafd gspb-dynamic-post-title wp-block-greenshift-blocks-dynamic-post-title\"><h2 class=\"gspb-dynamic-title-element\"><a href=\"https:\/\/www.emploi-seo.fr\/blog\/consultant-seo-independant-2025\/\">Comment devenir consultant SEO ind\u00e9pendant en 2025 ?<\/a><\/h2><\/div>\n\n<div class=\"gspb_id-gsbp-54761ed gspb_meta wp-block-greenshift-blocks-meta\"><span class=\"gspb_meta_value\">8 juin 2025<\/span><\/div><\/div>\n\n                <\/div>\n        <\/li>\t\t\t\t\t\t\t\t\t\t\t\t\t                            \t\t\t\t\t\t\t\n<li class=\"gspbgrid_item swiper-slide  post-445\">\n                                <div class=\"gspbgrid_item_image_bg gspbgrid_item_image_bg_gsbp-0634437\">\n                <div class=\"gspb_backgroundOverlay\"><\/div>\n                            <\/div>\n                        <div class=\"gspbgrid_item_inner\">\n            \n\n<div class=\"gsbp-6e5edb6\"><div class=\"gspb_id-gsbp-3586a9d gspb_meta wp-block-greenshift-blocks-meta\"><span class=\"gspb_meta_value\"><a class=\"term-2\" href=\"https:\/\/www.emploi-seo.fr\/blog\/category\/actu\/\">Actualit\u00e9<\/a><\/span><\/div>\n\n<div class=\"gspb_id-gsbp-e30cafd gspb-dynamic-post-title wp-block-greenshift-blocks-dynamic-post-title\"><h2 class=\"gspb-dynamic-title-element\"><a href=\"https:\/\/www.emploi-seo.fr\/blog\/emplois-seo-futur\/\">Les perspectives d&rsquo;avenir pour les emplois SEO dans les ann\u00e9es \u00e0 venir<\/a><\/h2><\/div>\n\n<div class=\"gspb_id-gsbp-54761ed gspb_meta wp-block-greenshift-blocks-meta\"><span class=\"gspb_meta_value\">7 juin 2025<\/span><\/div><\/div>\n\n                <\/div>\n        <\/li>\t\t\t\t\t\t\t\t\t\t\t\t\t                            \t\t\t\t\t\t\t\n<li class=\"gspbgrid_item swiper-slide  post-441\">\n                                <div class=\"gspbgrid_item_image_bg gspbgrid_item_image_bg_gsbp-0634437\">\n                <div class=\"gspb_backgroundOverlay\"><\/div>\n                            <\/div>\n                        <div class=\"gspbgrid_item_inner\">\n            \n\n<div class=\"gsbp-6e5edb6\"><div class=\"gspb_id-gsbp-3586a9d gspb_meta wp-block-greenshift-blocks-meta\"><span class=\"gspb_meta_value\"><a class=\"term-2\" href=\"https:\/\/www.emploi-seo.fr\/blog\/category\/actu\/\">Actualit\u00e9<\/a><\/span><\/div>\n\n<div class=\"gspb_id-gsbp-e30cafd gspb-dynamic-post-title wp-block-greenshift-blocks-dynamic-post-title\"><h2 class=\"gspb-dynamic-title-element\"><a href=\"https:\/\/www.emploi-seo.fr\/blog\/mesurer-efficacite-seo\/\">Comment mesurer son efficacit\u00e9 en tant que professionnel du SEO ?<\/a><\/h2><\/div>\n\n<div class=\"gspb_id-gsbp-54761ed gspb_meta wp-block-greenshift-blocks-meta\"><span class=\"gspb_meta_value\">6 juin 2025<\/span><\/div><\/div>\n\n                <\/div>\n        <\/li>\t\t\t\t\t\t\t\t\t\t\t\t\t                            \t\t\t\t\t\t\t\n<li class=\"gspbgrid_item swiper-slide  post-436\">\n                                <div class=\"gspbgrid_item_image_bg gspbgrid_item_image_bg_gsbp-0634437\">\n                <div class=\"gspb_backgroundOverlay\"><\/div>\n                            <\/div>\n                        <div class=\"gspbgrid_item_inner\">\n            \n\n<div class=\"gsbp-6e5edb6\"><div class=\"gspb_id-gsbp-3586a9d gspb_meta wp-block-greenshift-blocks-meta\"><span class=\"gspb_meta_value\"><a class=\"term-7\" href=\"https:\/\/www.emploi-seo.fr\/blog\/category\/outils\/\">Outils<\/a><\/span><\/div>\n\n<div class=\"gspb_id-gsbp-e30cafd gspb-dynamic-post-title wp-block-greenshift-blocks-dynamic-post-title\"><h2 class=\"gspb-dynamic-title-element\"><a href=\"https:\/\/www.emploi-seo.fr\/blog\/outils-reussir-emploi-seo\/\">Les outils indispensables pour r\u00e9ussir dans un emploi SEO<\/a><\/h2><\/div>\n\n<div class=\"gspb_id-gsbp-54761ed gspb_meta wp-block-greenshift-blocks-meta\"><span class=\"gspb_meta_value\">5 juin 2025<\/span><\/div><\/div>\n\n                <\/div>\n        <\/li>\t\t\t\t\t\t\t\t\t\t\t\t\t                            \t\t\t\t\t\t\t\n<li class=\"gspbgrid_item swiper-slide  post-433\">\n                                <div class=\"gspbgrid_item_image_bg gspbgrid_item_image_bg_gsbp-0634437\">\n                <div class=\"gspb_backgroundOverlay\"><\/div>\n                            <\/div>\n                        <div class=\"gspbgrid_item_inner\">\n            \n\n<div class=\"gsbp-6e5edb6\"><div class=\"gspb_id-gsbp-3586a9d gspb_meta wp-block-greenshift-blocks-meta\"><span class=\"gspb_meta_value\"><a class=\"term-2\" href=\"https:\/\/www.emploi-seo.fr\/blog\/category\/actu\/\">Actualit\u00e9<\/a><\/span><\/div>\n\n<div class=\"gspb_id-gsbp-e30cafd gspb-dynamic-post-title wp-block-greenshift-blocks-dynamic-post-title\"><h2 class=\"gspb-dynamic-title-element\"><a href=\"https:\/\/www.emploi-seo.fr\/blog\/teletravail-offres-emploi-seo\/\">Comment le t\u00e9l\u00e9travail influence les offres d&#8217;emploi SEO ?<\/a><\/h2><\/div>\n\n<div class=\"gspb_id-gsbp-54761ed gspb_meta wp-block-greenshift-blocks-meta\"><span class=\"gspb_meta_value\">4 juin 2025<\/span><\/div><\/div>\n\n                <\/div>\n        <\/li>\t\t\t\t\t\t\t\t\t\t\t\t\t                            \t\t\t\t\t\t\t\n<li class=\"gspbgrid_item swiper-slide  post-429\">\n                                <div class=\"gspbgrid_item_image_bg gspbgrid_item_image_bg_gsbp-0634437\">\n                <div class=\"gspb_backgroundOverlay\"><\/div>\n                            <\/div>\n                        <div class=\"gspbgrid_item_inner\">\n            \n\n<div class=\"gsbp-6e5edb6\"><div class=\"gspb_id-gsbp-3586a9d gspb_meta wp-block-greenshift-blocks-meta\"><span class=\"gspb_meta_value\"><a class=\"term-2\" href=\"https:\/\/www.emploi-seo.fr\/blog\/category\/actu\/\">Actualit\u00e9<\/a><\/span><\/div>\n\n<div class=\"gspb_id-gsbp-e30cafd gspb-dynamic-post-title wp-block-greenshift-blocks-dynamic-post-title\"><h2 class=\"gspb-dynamic-title-element\"><a href=\"https:\/\/www.emploi-seo.fr\/blog\/veille-technologique-seo\/\">L&rsquo;importance de la veille technologique pour les professionnels du SEO<\/a><\/h2><\/div>\n\n<div class=\"gspb_id-gsbp-54761ed gspb_meta wp-block-greenshift-blocks-meta\"><span class=\"gspb_meta_value\">3 juin 2025<\/span><\/div><\/div>\n\n                <\/div>\n        <\/li>\t\t\t\t\t\t\t\t\t\t\t\t\t                            \t\t\t\t\t\t\t\n<li class=\"gspbgrid_item swiper-slide  post-426\">\n                                <div class=\"gspbgrid_item_image_bg gspbgrid_item_image_bg_gsbp-0634437\">\n                <div class=\"gspb_backgroundOverlay\"><\/div>\n                            <\/div>\n                        <div class=\"gspbgrid_item_inner\">\n            \n\n<div class=\"gsbp-6e5edb6\"><div class=\"gspb_id-gsbp-3586a9d gspb_meta wp-block-greenshift-blocks-meta\"><span class=\"gspb_meta_value\"><a class=\"term-2\" href=\"https:\/\/www.emploi-seo.fr\/blog\/category\/actu\/\">Actualit\u00e9<\/a><\/span><\/div>\n\n<div class=\"gspb_id-gsbp-e30cafd gspb-dynamic-post-title wp-block-greenshift-blocks-dynamic-post-title\"><h2 class=\"gspb-dynamic-title-element\"><a href=\"https:\/\/www.emploi-seo.fr\/blog\/opportunites-seo-2025\/\">les opportunit\u00e9s SEO \u00e0 d\u00e9couvrir en 2025<\/a><\/h2><\/div>\n\n<div class=\"gspb_id-gsbp-54761ed gspb_meta wp-block-greenshift-blocks-meta\"><span class=\"gspb_meta_value\">2 juin 2025<\/span><\/div><\/div>\n\n                <\/div>\n        <\/li>\t\t\t\t\t\t\t\t\t\t\t\t\t                            \t\t\t\t\t\t\t\n<li class=\"gspbgrid_item swiper-slide  post-423\">\n                                <div class=\"gspbgrid_item_image_bg gspbgrid_item_image_bg_gsbp-0634437\">\n                <div class=\"gspb_backgroundOverlay\"><\/div>\n                            <\/div>\n                        <div class=\"gspbgrid_item_inner\">\n            \n\n<div class=\"gsbp-6e5edb6\"><div class=\"gspb_id-gsbp-3586a9d gspb_meta wp-block-greenshift-blocks-meta\"><span class=\"gspb_meta_value\"><a class=\"term-2\" href=\"https:\/\/www.emploi-seo.fr\/blog\/category\/actu\/\">Actualit\u00e9<\/a><\/span><\/div>\n\n<div class=\"gspb_id-gsbp-e30cafd gspb-dynamic-post-title wp-block-greenshift-blocks-dynamic-post-title\"><h2 class=\"gspb-dynamic-title-element\"><a href=\"https:\/\/www.emploi-seo.fr\/blog\/reseau-professionnel-seo\/\">Comment d\u00e9velopper son r\u00e9seau professionnel dans le domaine du SEO ?<\/a><\/h2><\/div>\n\n<div class=\"gspb_id-gsbp-54761ed gspb_meta wp-block-greenshift-blocks-meta\"><span class=\"gspb_meta_value\">1 juin 2025<\/span><\/div><\/div>\n\n                <\/div>\n        <\/li>\t\t\t\t\t\t\t\t\t\t\t\t\t\t\t\t\t\t<\/ul>\n\t\t\t\t\t\n\t\t\t\t\t\n\t\t\t\t<\/div>\n\t\t\t\t<div class=\"clearfix\"><\/div>\n\t\t\t\n\t\t\t","protected":false},"excerpt":{"rendered":"","protected":false},"author":1,"featured_media":0,"parent":0,"menu_order":0,"comment_status":"closed","ping_status":"closed","template":"","meta":{"_gspb_post_css":".gspbgrid_id-gsbp-0634437 .wp-block-post-template{list-style:none;margin:0;padding:0}.gspbgrid_id-gsbp-0634437 .wp-block-post-template:before{display:none!important}.gspbgrid_id-gsbp-0634437 .wp-block-post-template>*{width:100%!important}.gspbgrid_id-gsbp-0634437 .wp-block-post-template>.gspbgrid_item{overflow:hidden;border-top-left-radius:6px;border-top-right-radius:6px;border-bottom-right-radius:6px;border-bottom-left-radius:6px;border-style:solid;border-width:1px;border-color:#7d7d7d2b}.gspbgrid_id-gsbp-0634437 .wp-block-post-template{display:grid;grid-template-columns:repeat(4,1fr)}@media (max-width:991.98px){.gspbgrid_id-gsbp-0634437 .wp-block-post-template{grid-template-columns:repeat(3,1fr)}}@media (max-width:767.98px){.gspbgrid_id-gsbp-0634437 .wp-block-post-template{grid-template-columns:repeat(2,1fr)}}@media (max-width:575.98px){.gspbgrid_id-gsbp-0634437 .wp-block-post-template{grid-template-columns:repeat(1,1fr)}}.gspbgrid_id-gsbp-0634437 .wp-block-post-template{gap:20px}@media (max-width:991.98px){.gspbgrid_id-gsbp-0634437 .wp-block-post-template{gap:20px}}@media (max-width:767.98px){.gspbgrid_id-gsbp-0634437 .wp-block-post-template{gap:20px}}@media (max-width:575.98px){.gspbgrid_id-gsbp-0634437 .wp-block-post-template{gap:20px}}.gspbgrid_id-gsbp-0634437 .gspbgrid_item{position:relative}.gspbgrid_id-gsbp-0634437 .gspbgrid_item_image_bg{position:absolute;top:0;left:0;bottom:0;right:0;width:100%;height:100%;z-index:0;pointer-events:none}.gspbgrid_id-gsbp-0634437 .gspbgrid_item_image_bg img{object-fit:cover;width:100%;height:100%}.gspbgrid_id-gsbp-0634437 .gspbgrid_item_inner{position:relative;z-index:2;width:100%;height:100%}.gspbgrid_id-gsbp-0634437 .gspb_backgroundOverlay{position:absolute;z-index:1!important;width:100%;height:100%;pointer-events:none;top:0;left:0;bottom:0;right:0}.gspbgrid_item_image_bg_gsbp-0634437>.gspb_backgroundOverlay{position:absolute;top:0;left:0;width:100%;height:100%;z-index:-1;-webkit-backdrop-filter:blur(17px);backdrop-filter:blur(17px);background-color:#ffffff00}.gsbp-6e5edb6{padding:15px;color:#fff;height:100%;display:flex;flex-direction:column;justify-content:space-between;row-gap:20px}.gsbp-6e5edb6 .wp-block a,.gsbp-6e5edb6 a{color:#fff}.gspb_id-gsbp-3586a9d{display:flex;align-items:center}.gspb_id-gsbp-3586a9d .gspb_meta_value{font-size:14px;line-height:20px;text-decoration:none;font-weight:400!important}@media (max-width:991.98px){.gspb_id-gsbp-3586a9d .gspb_meta_value{font-weight:400!important}}@media (max-width:767.98px){.gspb_id-gsbp-3586a9d .gspb_meta_value{font-weight:400!important}}@media (max-width:575.98px){.gspb_id-gsbp-3586a9d .gspb_meta_value{font-weight:400!important}}.gspb_id-gsbp-e30cafd h2.gspb-dynamic-title-element{margin-top:10px;margin-bottom:15px;-webkit-line-clamp:2;display:-webkit-box;-webkit-box-orient:vertical;overflow:hidden}body .gspb_id-gsbp-e30cafd h2.gspb-dynamic-title-element{font-size:1.3rem;line-height:1.7rem;text-decoration:none}.gspb_id-gsbp-3586a9d .gspb_meta_value a,body .gspb_id-gsbp-e30cafd h2.gspb-dynamic-title-element a{text-decoration:none}.gspb_id-gsbp-54761ed{display:flex}.gspb_id-gsbp-e30cafd{display:flex;align-items:center}.gspb_id-gsbp-54761ed{align-items:center;opacity:.5}.gspb_id-gsbp-54761ed .gspb_meta_value{font-size:13px}","footnotes":""},"class_list":["post-23","page","type-page","status-publish","hentry"],"_links":{"self":[{"href":"https:\/\/www.emploi-seo.fr\/blog\/wp-json\/wp\/v2\/pages\/23","targetHints":{"allow":["GET"]}}],"collection":[{"href":"https:\/\/www.emploi-seo.fr\/blog\/wp-json\/wp\/v2\/pages"}],"about":[{"href":"https:\/\/www.emploi-seo.fr\/blog\/wp-json\/wp\/v2\/types\/page"}],"author":[{"embeddable":true,"href":"https:\/\/www.emploi-seo.fr\/blog\/wp-json\/wp\/v2\/users\/1"}],"replies":[{"embeddable":true,"href":"https:\/\/www.emploi-seo.fr\/blog\/wp-json\/wp\/v2\/comments?post=23"}],"version-history":[{"count":2,"href":"https:\/\/www.emploi-seo.fr\/blog\/wp-json\/wp\/v2\/pages\/23\/revisions"}],"predecessor-version":[{"id":482,"href":"https:\/\/www.emploi-seo.fr\/blog\/wp-json\/wp\/v2\/pages\/23\/revisions\/482"}],"wp:attachment":[{"href":"https:\/\/www.emploi-seo.fr\/blog\/wp-json\/wp\/v2\/media?parent=23"}],"curies":[{"name":"wp","href":"https:\/\/api.w.org\/{rel}","templated":true}]}}